{"id":4665,"date":"2022-09-06T04:37:53","date_gmt":"2022-09-05T16:37:53","guid":{"rendered":"https:\/\/valuecremations.weavestaging.xyz\/?page_id=4665"},"modified":"2023-07-18T21:02:25","modified_gmt":"2023-07-18T09:02:25","slug":"faq","status":"publish","type":"page","link":"https:\/\/valuecremations.co.nz\/sm\/faq\/","title":{"rendered":"FAQ"},"content":{"rendered":"<h1>\n\t\tE iai ni fesili? <br \/>Ua matou i ai iinei e fesoasoani.\n\t<\/h1>\n<h2>\n\t\t   Fesili lautele\n\t<\/h2>\n\t\t\t\t<h4>\n\t\t\t\t\tO le a le susunuina?\t\t\t\t<\/h4>\n<p>O le susunuina o se auala e saunia ai le tagata ua maliu mo le faamanatuina. Fa&#039;asaienitisi, o se fa&#039;agasologa o le fa&#039;aitiitia o le tino o le tagata ua maliu i ni fasi ponaivi e fa&#039;aaoga ai le vevela tele ma le mum\u016b.<\/p>\n\t\t\t\t<h4>\n\t\t\t\t\tO le a le susunuina tuusa&#039;o?\t\t\t\t<\/h4>\n<p>O le susunu tuusa&#039;o - e ta&#039;ua fo&#039;i o le susunuina o le tino, susunu fua, susunuina faigofie, po&#039;o le leai o se sauniga e leai se tagata e o&#039;o i le susunuina - o se filifiliga o le susunuina e aunoa ma se falelauasiga po o se sauniga e aofia ai. Value Cremations ose fa&#039;ailoga e tu&#039;uina atu nei auaunaga mo le susunuina o tagata fa&#039;atau.<\/p>\n\t\t\t\t<h4>\n\t\t\t\t\tE ofo e le Value Cremation le susunuina tuusa&#039;o?\t\t\t\t<\/h4>\n<p>Ioe, matou te faia. Mo nisi fa\u02bbamatalaga fa\u02bbamolemole fa\u02bbafeso\u02bbota\u02bbi matou i lau itulagi i lalo:<\/p>\n<p>MOTU MATU<\/p>\n<ul>\n<li>Aukilani<\/li>\n<li>Waikato<\/li>\n<li>Faga o Plenty<\/li>\n<li>Taranaki<\/li>\n<li>Hawkes Bay<\/li>\n<li>Ueligitone<\/li>\n<\/ul>\n<p>MOTU SOTO<\/p>\n<ul>\n<li>Nelesoni<\/li>\n<li>Marlborough<\/li>\n<li>Canterbury<\/li>\n<li>Otago<\/li>\n<li>Dunedin<\/li>\n<\/ul>\n\t\t\t\t<h4>\n\t\t\t\t\tPe suia ea e le susunuina o se falelauasiga?\t\t\t\t<\/h4>\n<p>E mafai ona e faia se falelauasiga pe leai foi se falelauasiga.<\/p>\n<p>O a tatou susunuina e le aofia ai se falelauasiga. Nai lo lena, atonu e te filifili e faia se ala fafagu po o se sauniga faamanatu i se aso mulimuli ane.<\/p>\n<p>Afai e te mana\u02bbo i se falelauasiga fa\u02bbapea fo\u02bbi ma se susunuina, matou te fautuaina le fa\u02bbaaogaina;<\/p>\n<p>MOTU MATU<\/p>\n<ul>\n<li>Aukilani \u2013 <a href=\"https:\/\/morrisons.co.nz\/\" target=\"_blank\" rel=\"noopener\">Falelauasiga Morrisons<\/a>\u00a0<\/li>\n<li>Waikato \u2013 <a href=\"https:\/\/pellowsfunerals.co.nz\/\">Faatonu o Falelauasiga o Pellows<\/a><\/li>\n<li>Bay of Plenty \u2013 <a href=\"https:\/\/elliottsfunerals.co.nz\/\" target=\"_blank\" rel=\"noopener\">Elliotts Falelauasiga<\/a><\/li>\n<li>Hawkes Bay- <a href=\"https:\/\/beth-shan.co.nz\/\" target=\"_blank\" rel=\"noopener\">Falelauasiga Beth Shan<\/a><\/li>\n<li>Taranaki \u2013 <a href=\"https:\/\/vospers.co.nz\/\" target=\"_blank\" rel=\"noopener\">Vospers Falelauasiga<\/a><\/li>\n<li>Ueligitone- <a href=\"https:\/\/geeandhickton.co.nz\/\" target=\"_blank\" rel=\"noopener\">Gee &amp; Hickton Falelauasiga<\/a><\/li>\n<\/ul>\n<p>MOTU SOTO<\/p>\n<ul>\n<li>Nelson \u2013 <a href=\"https:\/\/nelson.simplicity.co.nz\/\" target=\"_blank\" rel=\"noopener\">Falelauasiga Faigofie<\/a><\/li>\n<li>Marlborough \u2013 <a href=\"https:\/\/sowmans.co.nz\/\" target=\"_blank\" rel=\"noopener\">Faatonu o Falelauasiga o Sowmans<\/a><\/li>\n<li>Canterbury \u2013 <a href=\"https:\/\/christchurch.simplicity.co.nz\/\" target=\"_blank\" rel=\"noopener\">Falelauasiga Faigofie<\/a><\/li>\n<li>Otago \u2013 <a href=\"https:\/\/www.whitestonefuneralsoamaru.co.nz\/\" target=\"_blank\" rel=\"noopener\">Falelauasiga o Whitestone<\/a><\/li>\n<li>Dunedin \u2013 <a href=\"https:\/\/hopeandsons.co.nz\/\" target=\"_blank\" rel=\"noopener\">Fa&#039;atonu o Falelauasiga o le Hope &amp; Sons<\/a><\/li>\n<\/ul>\n\t\t\t\t<h4>\n\t\t\t\t\tE mafai ona fai se tatou matamata pe a tatou manana&#039;o i se tanuga?\t\t\t\t<\/h4>\n<p>E le maua e le Taulaga Fa&#039;amum\u016bina le avanoa e matamata ai.\u00a0<\/p>\n\t\t\t\t<h4>\n\t\t\t\t\tE mafai lava ona fai sa&#039;u sauniga faamanatu pe a ou fa&#039;aogaina le susunuina?\t\t\t\t<\/h4>\n<p>E matua&#039;i. Fa&#039;alagolago i mana&#039;oga o le aiga, e mafai ona faia se sauniga fa&#039;amanatu i so&#039;o se taimi pe a uma le tanuga.<\/p>\n\t\t\t\t<h4>\n\t\t\t\t\tO a lotu e faatagaina le susunuina?\t\t\t\t<\/h4>\n<p>E talia e lotu Kerisiano le susunuina, ma o le auala sili lea ona fiafia i ai tagata Hindu ma le tele o tagata Puta. Ae ui i lea, e masani ona le taliaina i totonu o le Orthodox Judaism, Islama ma Eastern Orthodox.<\/p>\n<p>Ua l\u0113 o toe manatu le Lotu Katoliko Roma e iai se lamatiaga o le susunuina o tagata Kerisiano o le a fesoota\u02bbi atu i talitonuga e l\u0113 o ni Kerisiano, po o le faafitia o a\u02bboa\u02bboga e pei o le toet\u016b mai o le tino, le ola pea o le agaga, ma le iai o le ola e faavavau. Ua fautuaina e le Ekalesia Katoliko le lafoaia o tino maliu i se auala e faailoa ai le faaaloalo i le tino o le tagata ua maliu.<\/p>\n<h2>\n\t\tE fa&#039;afefea ona fa&#039;aogaina le Fa&#039;atauga Fa&#039;atau\n\t<\/h2>\n\t\t\t\t<h4>\n\t\t\t\t\tO le a le faiga o le susunuina?\t\t\t\t<\/h4>\n<ol>\n<li><strong>Talanoa i se Faufautua mo le Fa&#039;atauga Fa&#039;atau<\/strong><strong><br \/><\/strong>O le la&#039;asaga muamua i le fa&#039;atulagaina o se susunu ma&#039;i ma le Value Cremations o le talanoa lea i la matou aufaigaluega a&#039;oa&#039;oina ma le poto masani i lau itulagi. E mafai ona latou fesoasoani ia te oe i le faagasologa o le faatulagaina o le susunuina. O le a faia e le matou &#039;au le mea sili latou te mafaia e fa&#039;afaigofie ai oe ma lou aiga. O le a latou talanoa atu ia te oe e uiga i le faagasologa o le faatulagaina ma fesili mo faamatalaga e manaomia mo pepa, e pei o le igoa o l\u0113 ua maliu, o latou aso fanau ma po o fea o i ai i le taimi nei ina ia mafai ona faia nisi fuafuaga.<\/li>\n<li><strong>Faaliliuina o l\u0113 ua maliu<br \/><\/strong>O le isi laasaga o le siitia ma siitia le ua maliu ma aumai i latou i le vaaiga a le Value Cremations. A uma ona fai ona lavalava, ona ave lea o l\u0113 ua maliu i le fale e tanu ai le tino maliu.<br \/>O le afifi o le Taulaga o Cremations e aofia ai le fesiitaiga o l\u0113 ua maliu i totonu o le 50km radius o matou nofoaga tautua, Aso Gafua i le Aso Faraile mai le 8:30am i le 5:00pm. Fa&#039;aliliuga i fafo atu o nei taimi ma le eria radius e mafai ona maua i se tau fa&#039;aopoopo pe a mana&#039;omia. Ole mea lea ole Value Cremations ole a fa&#039;amaonia ma oe pe a e talanoa muamua ma matou. Ona fa&#039;aofuina lea o l\u0113 ua maliu i lo tatou fale ma momoli atu i le falelauasiga e sauni ai mo le susunuina.<\/li>\n<li><strong>Fa&#039;atulagaina o Pepa Manaomia<\/strong><strong><br \/><\/strong>Value Cremations o le a fa&#039;atulaga pepa e mana&#039;omia mo le falelauasiga o lo&#039;o matou ofoina atu, o lea e te le tau popole ai. O pepa e aofia ai tusipasi ma le faatagaga mo le susunuina o le tino mai le laufali faafomai, le Death Certificate ma le resitalaina o maliu i Fanau, Maliu &amp; Faaipoipoga iinei i Niu Sila. Matou te mana&#039;omia le fesili atu ia te oe mo nisi o fa&#039;amatalaga patino a l\u0113 ua maliu mo le mana&#039;omia ma pepa resitala.<\/li>\n<li><strong>O le Tuugamau<br \/><\/strong>Value Cremations e na&#039;o le falelauasiga ta&#039;uta&#039;ua ma fa&#039;atagaina i Niu Sila atoa. O nei fale maliu e iai le aufaigaluega a&#039;oa&#039;oina ma le tele o tausaga o le poto masani ina ia e mautinoa o lo&#039;o tausia uma. A mae&#039;a loa le susunuina, ona tu&#039;u loa lea o le lefulefu i totonu o se pusa lefulefu po&#039;o se fagu, ma o le a e maua se fa&#039;amatalaga mai le faletaele po&#039;o matou pe a sauni le lefulefu mo le aoina.<\/li>\n<li><strong>Aoina o Lefulefu ma Fa&#039;amanatuga Filifiliga<br \/><\/strong> A mae&#039;a le susunuina, o le a fa&#039;afeso&#039;ota&#039;i oe e uiga i le lefulefu. E masani lava o se vaiaso pe sili atu pe a uma ona faia le susunuina. O le taimi foi lea e mafai ai ona matou talanoa atu ia te oe e uiga i mea e te mana\u02bbo e fai i le lefulefu ona e tele avanoa e avanoa mo le fa\u02bbamanatuina o lau pele.<\/li>\n<\/ol>\n\t\t\t\t<h4>\n\t\t\t\t\tO le a le umi e fai ai le susunuina?\t\t\t\t<\/h4>\n<p>O le taimi tonu e fa&#039;aalu ai le susunuina o le a fa&#039;alagolago i le tele o mea e aofia ai le tele o le tino, ponaivi ponaivi ma mea e gaosia ai le pusa maliu. Ole taimi masani mo le susunuina o se tagata matua e 90 minute ile vevela ile va ole 800 ma le 1000 tikeri Celsius.<\/p>\n<p>Mai le fa&#039;aofiina se&#039;ia o&#039;o i le fa&#039;amaluluina mulimuli e mafai ona o&#039;o atu i le fa itula le faiga o le susunuina.<\/p>\n\t\t\t\t<h4>\n\t\t\t\t\tE mana&#039;omia ea le alasala a&#039;o le&#039;i susunuina?\t\t\t\t<\/h4>\n<p>Leai, e le fa&#039;atulafonoina e tulafono a Niu Sila le alasala a&#039;o le&#039;i susunuina. O faiga fa&#039;aaisa sa&#039;o e fa&#039;aumatia ai lena mana&#039;oga. E mafai e le aiga ona filifili e alaala pe a faia se sauniga o le maliu po o se maimoaga.<\/p>\n\t\t\t\t<h4>\n\t\t\t\t\tE faapefea ona saunia le tino mo le susunuina?\t\t\t\t<\/h4>\n<p>Tulaga Faatauaina e mafai ai ona fa&#039;ailoa le tagata ua maliu, aveese mea faigaluega o lo&#039;o fa&#039;aogaina maa, tapenaga masani o le tumama pe a mana&#039;omia ma le fa&#039;aofuina o l\u0113 ua maliu mo le susunuina.<\/p>\n\t\t\t\t<h4>\n\t\t\t\t\tPe sili atu ma le tasi le tagata e susunuina i le taimi e tasi?\t\t\t\t<\/h4>\n<p>E na&#039;o le tasi le tagata e susunuina i le taimi. E na o le pau lava le tulaga e mafai ona i ai i le tulaga o se tina ma se pepe po o se masaga fanau. I na tulaga, e talosagaina se faamaoniga mai le Matagaluega o le Soifua Maloloina a o lei susunuina.<\/p>\n\t\t\t\t<h4>\n\t\t\t\t\tE mana&#039;omia se pusa maliu\/oti maliu mo le susunuina?\t\t\t\t<\/h4>\n<p>Ose mana&#039;oga fa&#039;aletulafono le fa&#039;aogaina o se pusa maliu po&#039;o se pusa maliu ona e mana&#039;omia e falelauasiga uma le tagata maliu ina ia susunuina i totonu o se atigipusa e mafai ona mu, e le liki, malo ma ufiufi.<\/p>\n<p>Fa&#039;alagolago i le itulagi, e fa&#039;aogaina e le Value Cremations ia pusa oti fa&#039;avae e fai ma vaega o le Fa&#039;atauga Fa&#039;atauga.<\/p>\n\t\t\t\t<h4>\n\t\t\t\t\tO le a le mea e tupu i le pusa maliu i le susunuina?\t\t\t\t<\/h4>\n<p>O le pusa maliu po o le pusa maliu e susunu faatasi ma le tino i le taimi o le susunuina. O le vevela ma le umi o le faagasologa o lona uiga e na o le pau lava le mea o lo\u02bbo totoe o mea e le mu o mea ia o u\u02bbamea mai le pusa maliu. O nei mea o totoe e aveese mai le lefulefu ae le\u02bbi toe tu\u02bbuina atu i le aiga.<\/p>\n\t\t\t\t<h4>\n\t\t\t\t\tO le a le mea e tupu i le tino maliu?\t\t\t\t<\/h4>\n<p>O tino maliu ua ta&#039;ua o le lefulefu. E ave i totonu o se atigipusa u&#039;amea ma fa&#039;ataga e m\u0101l\u016bl\u016b pe a uma ona susunuina. A m\u0101l\u016bl\u016b loa, ona tu&#039;u loa lea o le lefulefu i totonu o se homogeniser e fa&#039;amama lelei i lalo a&#039;o le&#039;i teuina i totonu o se koneteina palasitika. Ona tuu lea i totonu o le fagu e saunia e le aiga pe i totonu o se pusa le tumau.<\/p>\n\t\t\t\t<h4>\n\t\t\t\t\tO le a se mea e mafai ona ou faia i le lefulefu?\t\t\t\t<\/h4>\n<p>A uma ona susunuina le tino o le lefulefu e masani ona faamanatu i se nofoaga tumau mo le susunuina. E tusa lava pe toe faafoi atu i le aiga mo le faataapeapeina, e masani lava ona faamanatu tumau se vaega itiiti ina ia maua ai e le aiga ma tupulaga o le lumanai se mea e mafai ona latou asiasi atu ai ma avatu le saafiafiga i le pele. A e aoina mai le lefulefu mai lau falelauasiga, fa&#039;amolemole talanoa ia i latou po&#039;o a ni filifiliga mo fa&#039;amanatuga o lo&#039;o iai.<\/p>\n<p>Afai e te le mana&#039;o e fai se fa&#039;amanatuga o le susunuina, e iai isi avanoa e avanoa. O nei mea e aofia ai le fa&#039;asa&#039;oina o le lefulefu, teu i totonu o le fale i totonu o se fagu ma tu&#039;u i totonu o mea teuteu. Fa&#039;aalu lou taimi e filifili ai se mea e maua ai e oe ma lou aiga le filemu o le mafaufau.<\/p>\n\t\t\t\t<h4>\n\t\t\t\t\tO le a le umi ona faatoa mafai lea ona ave e se tasi le tino maliu?\t\t\t\t<\/h4>\n<p>E masani lava, e avanoa le lefulefu e aumai i totonu o le vaiaso talu ona faia le susunuina.<\/p>\n<h2>\n\t\tTau ma tau\n\t<\/h2>\n\t\t\t\t<h4>\n\t\t\t\t\tE fia le tau o le susunuina?\t\t\t\t<\/h4>\n<p>E iai sau sikaipi\u00a0<a href=\"\/sm\/tau\/\">o lo&#039;o maua afifi mo le susunuina o tagata i le itulagi<\/a>. O le tau tonu o le susunuina e fa&#039;alagolago i mea e pei o lau itulagi, pe mana&#039;omia se pusa oti tele, felauaiga pe a i fafo atu o le 70km, po&#039;o le aoina o le ua maliu e uma itula.<\/p>\n\t\t\t\t<h4>\n\t\t\t\t\tE tatau ona ou faatauina se fagu?\t\t\t\t<\/h4>\n<p>Leai, e te le mana&#039;omia le fa&#039;atauina o se urn mai le Value Cremations po&#039;o le fale e tanu ai. E toe fa&#039;afo&#039;i le lefulefu i le aiga i totonu o se atigipusa le tumau pe afai e le&#039;i avatu muamua e le aiga se fagu.<\/p>\n\t\t\t\t<h4>\n\t\t\t\t\tAisea e eseese ai tau i le taulaga?\t\t\t\t<\/h4>\n<p>A o matou galulue faatasi ma le tele o kamupani eseese i Niu Sila, ma ona o tau eseese i itulagi taitasi, o le tau e mafai ona matou ofoina atu e eseese foi i le itulagi.\u00a0<\/p>","protected":false},"excerpt":{"rendered":"<p>Have questions? We&#8217;re here to help. General questions What is cremation? Cremation is a method for preparing the deceased for memorialisation. Scientifically speaking, it is a process of reducing a deceased human body to bone fragments using high heat and flame. What is direct cremation? A direct cremation &#8211; also known as a basic cremation, [&hellip;]<\/p>\n","protected":false},"author":1,"featured_media":0,"parent":0,"menu_order":0,"comment_status":"closed","ping_status":"closed","template":"","meta":{"_acf_changed":false,"_seopress_robots_primary_cat":"","_seopress_titles_title":"FAQs | How it works |  Value Cremations New Zealand","_seopress_titles_desc":"At Value Cremations, we understand that sometimes all that is needed is a simple cremation service. We believe that every New Zealand family should be able to arrange a basic yet respectful cremation at a low cost. We also believe that the process should be as straight forward as possible, giving you value for money.","_seopress_robots_index":"","footnotes":""},"class_list":{"0":"post-4665","1":"page","2":"type-page","3":"status-publish","5":"wpbf-post"},"acf":[],"_links":{"self":[{"href":"https:\/\/valuecremations.co.nz\/sm\/wp-json\/wp\/v2\/pages\/4665","targetHints":{"allow":["GET"]}}],"collection":[{"href":"https:\/\/valuecremations.co.nz\/sm\/wp-json\/wp\/v2\/pages"}],"about":[{"href":"https:\/\/valuecremations.co.nz\/sm\/wp-json\/wp\/v2\/types\/page"}],"author":[{"embeddable":true,"href":"https:\/\/valuecremations.co.nz\/sm\/wp-json\/wp\/v2\/users\/1"}],"replies":[{"embeddable":true,"href":"https:\/\/valuecremations.co.nz\/sm\/wp-json\/wp\/v2\/comments?post=4665"}],"version-history":[{"count":5,"href":"https:\/\/valuecremations.co.nz\/sm\/wp-json\/wp\/v2\/pages\/4665\/revisions"}],"predecessor-version":[{"id":5231,"href":"https:\/\/valuecremations.co.nz\/sm\/wp-json\/wp\/v2\/pages\/4665\/revisions\/5231"}],"wp:attachment":[{"href":"https:\/\/valuecremations.co.nz\/sm\/wp-json\/wp\/v2\/media?parent=4665"}],"curies":[{"name":"wp","href":"https:\/\/api.w.org\/{rel}","templated":true}]}}