{"id":4675,"date":"2022-09-06T04:39:44","date_gmt":"2022-09-05T16:39:44","guid":{"rendered":"https:\/\/valuecremations.weavestaging.xyz\/?page_id=4675"},"modified":"2024-07-29T17:48:35","modified_gmt":"2024-07-29T05:48:35","slug":"kaupapa-here-tumataiti","status":"publish","type":"page","link":"https:\/\/valuecremations.co.nz\/mi\/privacy-policy\/","title":{"rendered":"Kaupapahere T\u016bmataiti"},"content":{"rendered":"<h1>Kaupapahere T\u016bmataiti.<\/h1>\n<p>He mea nui to muna ki a InvoCare New Zealand Ltd me ona kamupene me ona hononga hono (e kiia ana i roto i tenei kaupapa here ko \u201c<strong>matou<\/strong>&#8220;, &#8220;<strong>tatou<\/strong>&#8220;, &#8220;<strong>to tatou<\/strong>\u201c). Ko etahi o nga korero ka tukuna e koe mo nga tangihanga e pa ana ki etahi atu kaupapa ko \u201c<strong>p\u0101rongo whaiaro<\/strong>\u201d i runga i nga tikanga o te Ture Matatapu 2020 (\u201c<strong>Ture Matatapu<\/strong>\u201c). Hei whakamarumaru i to taha noho hei kaihoko, he kaiwhakamahi, he manuhiri ranei ki to maatau paetukutuku, kua whakatauhia e matou nga tikanga whakahaere korero me nga kaupapa here mo te kohinga, te whakamahi, te rokiroki me te whakaatu i nga korero whaiaro. Ko tenei kaupapa here t\u016bmataiti e whakaatu ana i a maatau mahi tae atu ki nga korero e kohia ana e matou mo koe, te wa me te pehea e kohikohi ai matou i aua korero me nga mea ka pa ki aua korero.<\/p>\n<p>Ma te whakamahi i to maatau paetukutuku me te tuku korero ki a maatau, ka whakaae koe ki te kaupapa here.<\/p>\n<p><strong>Kohinga korero whaiaro<\/strong><\/p>\n<p>Ka kohia e matou nga korero whaiaro kia taea ai e matou te whakarato i a matou hua me a matou ratonga, tera pea ko nga ratonga tangihanga, nehunga, tahu tahu, ratonga whakamaumahara, kohatu me nga tohu.<\/p>\n<p>Ko nga korero whaiaro ka kohia e matou ko to ingoa, wahitau, tau waea, wahitau imeera, ra whanau, ira tangata, taipitopito kaari nama, me nga korero mo to whanaunga tata.<\/p>\n<p>Ko te tikanga ka kohia o korero whaiaro ina tukuna mai e koe ki a matou (penei, hei tauira, ina whakap\u0101 mai koe ki a matou ma te imeera, to maatau paetukutuku, a-tangata ranei ki te tono taonga, ratonga ranei). Ka kohia pea o korero whaiaro ma nga kamera haumarutanga i whakauruhia ki o maatau waahi, i runga ranei i nga tikanga e whakaaetia ana e te Ture Whaiaro.<\/p>\n<p>Mena karekau koe e tuku korero whaiaro e tono ana matou, kare pea e taea e matou te tuku atu i a matou taonga, ratonga ranei ki a koe.<\/p>\n<p>Ina toro koe ki to maatau paetukutuku ka kohia e matou etahi atu korero kaore i te tautuhi i a koe ake, penei i te wahitau o to kaiwhakarato ratonga ipurangi, te ingoa o te wharangi paetukutuku e arahi ana ia koe, me o pao me o mahi i runga i to maatau pae.<\/p>\n<p><strong>Te whakamahi i nga korero whaiaro<\/strong><\/p>\nKa taea e matou (a ka whakamanahia a maatau kaiwhakarato ratonga tuatoru) ki te whakamahi i o korero whaiaro mo te tangihanga, te nehu, te tahu tahu ahi, te whakamaumaharatanga, te whare kohatu nui me te nuinga o nga kaupapa e pa ana ki te pouri, tae atu ki te tukatuka i o whakawhitiwhitinga, te whakahaere i to putea me te utu i mua i to tangihanga. Mahere, mo o tatou ake kaupapa o roto (penei i nga rekoata tatauranga, te whakahaere morearea, te whakangungu kaimahi me te nama nama), hei awhina ia matou ki te whakawhanake me te whakapai ake i to maatau paetukutuku, hua me nga ratonga me etahi atu kaupapa ka whakamanahia e koe, ka whakaaetia ranei i raro i te Matatapu. Ture.<br \/>\nKo etahi whakamahinga o o korero whaiaro ka uru pea ki te whakawhiti i aua korero ki tawahi, tae atu ki Ahitereiria me Singapore, hei pupuri me te whakamahi e o maatau kamupene, hinonga me o hoa pakihi.\n<p><strong>Te whakaatu i nga korero whaiaro<\/strong><\/p>\n<p>E kore matou e whakaatu i o korero whaiaro ki te hunga tuatoru engari ko nga mea kua whakaritea i roto i tenei kaupapa here, mena kua whakamanahia e koe kia pera, ka whakaaetia ranei te whakapuakitanga i raro i te Ture Matatapu. Kaore matou e hoko, hokohoko, reti ranei i o korero whaiaro ki etahi atu.<\/p>\n<p>Mena ka tae mai he tono ki te uru atu ki nga korero whaiaro kei roto i a maatau rekoata e pa ana ki a koe, ki to whanau ranei, ka hiahiatia he whakaaetanga a-tuhi mai i tetahi mema o te whanau pono me te whakaatu tohu tohu tika hei whaka\u016b i to whakamanatanga mo te tukunga o nga rekoata i tonoa.<\/p>\n<p>Ka hiahia pea matou ki te tiri (tae atu ki te whakawhiti ki tetahi atu whenua) o korero whaiaro ki o matou hinonga whai hononga me etahi atu tuatoru e whakarite ana matou ki te whakarato hua, ratonga ranei mo matou, mo koe ranei, penei i nga kaiwhakarato o nga tangihanga me etahi atu taonga me nga ratonga. , nga kaiwhakahaere me nga kaiwhakahaere o nga moni tangihanga kua utua i mua i te utu me nga kaute, me nga peeke, nga kamupene kaari nama me nga umanga putea hei whakahaere i nga utu. Ka whai waahi ratou ki o korero whaiaro e hiahiatia ana hei tuku taonga, hei mahi ranei i enei ratonga. Heoi, e kore matou e whakamana i aua roopu ki te whakamahi i o korero mo etahi atu kaupapa.<\/p>\n<p>Ka taea hoki e matou te whakaatu i o korero whaiaro ki nga umanga nama, ki nga umanga kohikohi nama me o maatau kaitirotiro me nga kaitohutohu ture.<\/p>\n<p>Kare matou e whakaatu i o korero ki nga kaiwhiwhi o tawahi ki te kore matou e makona ka tiakina o korero whaiaro e nga whakamarumaru e rite ana ki era i roto i te Ture Matatapu.<\/p>\n<p>I tua atu, ka tukuna pea e matou nga tatauranga me nga tohu tohu whaiaro kua tangohia mo o taatau kaihoko, kaip\u0101nui, hoko, tauira hokohoko me nga mahi pae e pa ana ki nga roopu tuatoru rongonui. Ka whakamahi pea matou i nga kaiwhakarato ratonga hei awhina i a matou ki te whakahiato me te whakaingoa i aua korero, kia kore ai e uru mai he korero e taea ai te tautuhi i tetahi tangata.<\/p>\n<p><strong>Te Rokiroki, Te Pupuri me te Tika o nga Korero Whaiaro<\/strong><\/p>\n<p>Kei a matou he whakamarumaru whakamarumaru hei whakarite kia tiakina o korero whaiaro mai i te ngaro, te uru kore mana, te whakamahi, te whakarereke me te whakaatu, me etahi atu mahi kino.<\/p>\n<p>M\u0113n\u0101 ka p\u0101 mai t\u0113tahi takahitanga t\u016bmataiti tino nui, ka hiahia pea m\u0101tou ki te whakam\u014dhio atu ki a koe (mehemea he tangata e pa ana koe) me te Kaikomihana Matatapu mo taua takahi (mehemea ka &quot;whakamohio&quot; te takahi i raro i te Ture Matatapu).<\/p>\n<p>Mena kaore i te maarama mena ka whakamohiohia he pakaru raraunga whakapae, ka tirotirohia, ka aromatawaihia te pakaru ki te whakatau mehemea (i etahi atu mea) me tuku panui mo te pakaru.<\/p>\n<p>Ka pupuri matou i o korero whaiaro mo te wa e tika ana ki te whakatutuki i te kaupapa i kohia ai me te u ki nga ture e pa ana, ka whai mana tonu to whakaae ki taua kaupapa i muri i te whakamutua o to maatau hononga ki a koe.<\/p>\n<p>Ka mahia e matou nga huarahi tika katoa hei whakarite kia tika, kia hou, kia oti, kia tika, kia kaua e whakapohehe, ka tae atu pea ki a koe i ia wa i ia wa mo tenei kaupapa.<\/p>\n<p><strong>Pihikete me etahi atu t\u0101taritanga paetukutuku<\/strong><\/p>\n<p>Ka whakamahi pea ta maatau paetukutuku i nga pihikete me etahi atu t\u0101taritanga ki te kohikohi i nga korero tatauranga whakahiato mo nga nama kaiwhakamahi paetukutuku, nga waahi me nga ahuatanga, me te kohikohi korero mo to taunekeneke ki to maatau paetukutuku me te whakarato ratonga me te wheako me nga mahi hokohoko. Ko te pihikete tetahi waahanga iti o nga raraunga ka tukuna e to maatau paetukutuku ki to rorohiko. Ko nga pihikete pera ka rongoa i runga i te puku pakeke o to rorohiko, ka taea e to maatau paetukutuku te mohio ki a koe ina hoki mai koe.<\/p>\n<p>Ka taea e koe te whakakore i nga pihikete ma te huri i o tautuhinga tirotiro. Ki te kore matou e whakamahi pihikete, me whakauru koe i o korero i ia wa ka toro koe ki to maatau paetukutuku.<\/p>\n<p>Ka tukuna pea nga raraunga t\u0101taritanga paetukutuku ki nga roopu tuatoru rongonui.<\/p>\n<p><strong>Nga korero imeera me nga korero<\/strong><\/p>\n<p>Ma te whakapiri mai ki a matou e pa ana ki a maatau hua me o ratonga, ki te tuku atu ranei i to wahitau imeera me to nama waea waea\/ranei, ka whakaae koe ki te whiwhi imeera me\/ranei korero korero e whakatairanga ana, e hokohoko ana i a maatau hua me o ratonga, nga hua me nga ratonga a etahi atu.<\/p>\n<p>Ka taea e koe te whakakore i a maatau imeera me \/ ranei nga korero korero i nga wa katoa ma te whai i te hononga &quot;Whakakore&quot; i roto i nga korero whakatairanga, hokohoko ranei. Ina wetewetehia koe, mai i te imeera me\/ranei nga korero korero ka tangohia koe mai i te rarangi hokohoko e rite ana i te wa e taea ai.<\/p>\n<p><strong>Hononga<\/strong><\/p>\n<p>Ka taea e to maatau papaanga te tuku hononga ki etahi atu waahi. Ka paatohia e koe tetahi o enei hononga, kei te wehe koe i to maatau papaanga ka uru ki tetahi atu waahi kaore matou e whakahaere, kaore hoki e taea e matou te kawe. Kare matou e tautoko ana, e whakaputa korero ranei mo nga paetukutuku tuatoru. Ko nga korero whaiaro i whiriwhiria e koe ki te hoatu ki nga roopu tuatoru kaore e hipokina e to maatau kaupapa here. Ka akiaki koe ki te arotake i te kaupapa here t\u016bmataiti o tetahi kamupene, paetukutuku ranei i mua i te tuku i o korero whaiaro.<\/p>\n<p><strong>Te whakahou i o korero whaiaro<\/strong><\/p>\n<p>Ka whiwhi koe i te whakapumautanga mai i a maatau mehemea kei te pupuri matou i nga korero whaiaro mo koe, kaore ranei. Ka taea ano e koe te tono kape o nga korero me te tono kia whakatikaina, whakarereke ranei. Ki te pera, whakap\u0101 mai ki to maatau <a href=\"mailto:gmurphy@invocare.co.nz\">Apiha Matatapu<\/a>.<\/p>\n<p>Ka arotakehia e matou to tono i te wa e taea ai. Ki te kore e taea e matou te tuku uru ki a koe, te whakatika ranei i nga korero i tonohia e koe, ka hoatu e matou ki a koe o matou take mo tenei whakatau ina whakautu ana matou ki to tono.<\/p>\n<p><strong>Aroturuki waea mo nga kaupapa whakangungu<\/strong><\/p>\n<p>Hei whakapai ake i to maatau ratonga, ka taea e taatau te aro turuki, te tuhi waea waea mo nga kaupapa whakangungu me te whakapumautanga kounga. He mea nui to t\u016bmataitinga ki a matou, a ka whakahaerehia nga rekoata katoa i runga i tenei Kaupapahere Whaiaro.<\/p>\n<p><strong>Nga huringa kaupapa here<\/strong><\/p>\n<p>Ka huri pea tatou i tenei kaupapa here i ia wa ma te tuku i tetahi putanga whakahou ki to maatau paetukutuku. Ko tenei tuhinga e whakaatu ana i ta maatau kaupapa here t\u016bmataiti i te 1 Paenga-wh\u0101wh\u0101 2024.<\/p>\n<p><strong>Urupare<\/strong><\/p>\n<p>Ka mihi matou ki o patai me o korero mo o maatau kaupapa here me o maatau mahi. Tena koa imeera to maatau <a href=\"mailto:gmurphy@invocare.co.nz\">Apiha Matatapu<\/a>.<\/p>\n<p>Ki te kore matou e aro ki o awangawanga, ki te whakatau ranei i tetahi tono kia pai ki a koe, ka tuku amuamu koe <a href=\"https:\/\/www.privacy.org.nz\/your-rights\/making-a-complaint\/complaint-form\/\">konei<\/a>.<\/p>","protected":false},"excerpt":{"rendered":"<p>Privacy Policy. Your privacy is very important to InvoCare New Zealand Ltd and its related companies and affiliates (referred to in this policy as &#8220;we&#8220;, &#8220;us&#8220;, &#8220;our&#8220;). Some of the information you provide for funeral related or other purposes is &#8220;personal information&#8221; as per the provisions of the Privacy Act 2020 (&#8220;Privacy Act&#8220;). To protect [&hellip;]<\/p>\n","protected":false},"author":1,"featured_media":0,"parent":0,"menu_order":0,"comment_status":"closed","ping_status":"closed","template":"","meta":{"_acf_changed":false,"_seopress_robots_primary_cat":"","_seopress_titles_title":"","_seopress_titles_desc":"","_seopress_robots_index":"","footnotes":""},"class_list":{"0":"post-4675","1":"page","2":"type-page","3":"status-publish","5":"wpbf-post"},"acf":[],"_links":{"self":[{"href":"https:\/\/valuecremations.co.nz\/mi\/wp-json\/wp\/v2\/pages\/4675","targetHints":{"allow":["GET"]}}],"collection":[{"href":"https:\/\/valuecremations.co.nz\/mi\/wp-json\/wp\/v2\/pages"}],"about":[{"href":"https:\/\/valuecremations.co.nz\/mi\/wp-json\/wp\/v2\/types\/page"}],"author":[{"embeddable":true,"href":"https:\/\/valuecremations.co.nz\/mi\/wp-json\/wp\/v2\/users\/1"}],"replies":[{"embeddable":true,"href":"https:\/\/valuecremations.co.nz\/mi\/wp-json\/wp\/v2\/comments?post=4675"}],"version-history":[{"count":5,"href":"https:\/\/valuecremations.co.nz\/mi\/wp-json\/wp\/v2\/pages\/4675\/revisions"}],"predecessor-version":[{"id":72420,"href":"https:\/\/valuecremations.co.nz\/mi\/wp-json\/wp\/v2\/pages\/4675\/revisions\/72420"}],"wp:attachment":[{"href":"https:\/\/valuecremations.co.nz\/mi\/wp-json\/wp\/v2\/media?parent=4675"}],"curies":[{"name":"wp","href":"https:\/\/api.w.org\/{rel}","templated":true}]}}