{"id":4659,"date":"2022-09-06T04:37:21","date_gmt":"2022-09-05T16:37:21","guid":{"rendered":"https:\/\/valuecremations.weavestaging.xyz\/?page_id=4659"},"modified":"2025-12-10T20:26:34","modified_gmt":"2025-12-10T07:26:34","slug":"mo-tatou","status":"publish","type":"page","link":"https:\/\/valuecremations.co.nz\/mi\/about-us\/","title":{"rendered":"Mo Tatou"},"content":{"rendered":"<figure itemscope itemtype=\"https:\/\/schema.org\/ImageObject\">\n\t\t\t\t<img decoding=\"async\" src=\"https:\/\/valuecremations.co.nz\/wp-content\/uploads\/2022\/10\/About-Value-Cremations2.jpg\" alt=\"Mo nga Whakangaonga uara2\" height=\"1200\" width=\"1107\" title=\"Mo nga Whakangaonga uara2\" onerror=\"this.style.display='none'\" loading=\"lazy\" \/>\n\t<\/figure>\n<h1>\n\t\t\tKaore rawa i pai ki te ngangau.\t<\/h1>\n\t<p>Mena kaore koe, ko to hoa aroha ranei i aro ki nga kaupapa okawa, ngangau ranei, ka tukuna e Value Cremations he huarahi rereke ki te tangihanga tuku iho.<\/p>\n<p>He tukunga tika tenei i mahia i runga i te pono me te whakaute i noho ai matou hei kaiwhakarato matua o Aotearoa mo nga tahu tahu.<\/p>\n<p>Ma matou e tiaki nga korero, ka taea e koe te poroporoaki i runga i te huarahi i pai ai ratou.<\/p>\n<h2>\n\t\t\t Me pehea te mahi o ta maatau mahi\t<\/h2>\n\t\t\t\t<h4>1. Korero atu ki tetahi Kaitohutohu Whakatupato Uara<\/h4>\n\t\t\t\t\t<p>Ko te mahi tuatahi ki te whakarite tahu tahu ma te Value Cremations ko te korero ki o matou kaimahi mohio, mohio hoki ki to rohe. Ka taea e ratou te awhina i a koe i roto i te whakaritenga o te tahu tahu. Ka mahia e ta maatau roopu nga mea e taea ana e ratou kia ngawari ake ki a koe me to whanau. Ka korero ratou ki a koe mo te tikanga whakarite me te patai mo nga korero e hiahiatia ana mo nga mahi pepa, penei i te ingoa o te tupapaku, te ra whanau me te waahi kei hea ratou i tenei wa kia taea ai etahi atu whakaritenga.<\/p>\n\t\t\t\t<h4>2. Whakawhitinga o te tupapaku<\/h4>\n\t\t\t\t\t<p>Ko te mahi e whai ake nei ko te hiki ake me te whakawhiti i te tupapaku me te kawe i a ratou ki roto i te whare tiaki o Value Cremations. Whai muri i te kakahu, ka haria te tupapaku ki te whare tahu ahi.<\/p>\n<p>Kei roto i te kete Whakatairanga Uara te whakawhiti i te tupapaku i roto i te 50km radius o o maatau waahi ratonga, Mane ki te Paraire mai i te 8:30am ki te 5:00pm. Ko te whakawhiti ki waho o enei waa me te radius rohe ka waatea pea mo te utu taapiri mena ka hiahiatia. He mea tenei ka whakamanahia e Value Cremations ki a koe ina korero tuatahi koe ki a matou.<\/p>\n<p>Ka whakakakahuhia te tupapaku ki to tatou whare, ka haria ki te urupa hei whakarite mo te tahu ahi.<\/p>\n\t\t\t\t<h4>3. Te Whakaritea i nga Mahi Pepa e hiahiatia ana<\/h4>\n\t\t\t\t\t<p>Ma te Value Cremations e whakarite nga pepa e tika ana mo te ratonga tahu tinana e tukuna ana e matou, no reira kare koe e manukanuka. Kei roto i nga pepa nga tiwhikete me te whakaaetanga mo te tahu tinana mai i te kaiwawao hauora, te Tiwhikete Mate me te rehitatanga o te mate ki nga Whanautanga, Matenga &amp; Marenatanga i konei i Aotearoa. Me patai atu matou ki a koe mo etahi o nga korero a te tangata kua mate mo te tono me nga puka rehitatanga e hiahiatia ana.<\/p>\n\t\t\t\t<h4>4. Utu<\/h4>\n<p>Me whiwhi utu i mua i te haere o te tahu ahi.<\/p>\n\t\t\t\t<h4>5. Te Tahua tinana<\/h4>\n<p>Ka mahi noa nga Whakatairanga Whakatairanga me nga whare tahumaero rongonui me te whaimana puta noa i Aotearoa. He kaimahi tino whakangungua enei mahi tahu ahi me nga tau o te wheako kia tino mohio koe kei te tiaki katoa. Kia oti te tahu ahi, ka waiho nga pungarehu ki roto i te ipu pungarehu, i te urn ranei, ka tae mai he panui mai i te whare tahumaero, i a matou ranei ina rite nga pungarehu mo te kohikohi.\u00a0<\/p>\n\t\t\t\t<h4>6. Kohikohi i nga Rerehu me nga K\u014dwhiringa Whakamaharatanga<\/h4>\n\t\t\t\t\t<p>Ka mutu te tahu ahi, ka whakap\u0101 atu ki a koe mo nga pungarehu. I te nuinga o te wa he wiki kotahi pea i muri mai i te mahi tahu ahi. Koinei hoki te wa e korero ai matou ki a koe mo nga mea e pai ana koe ki te mahi i nga pungarehu i te mea he maha nga waahanga hei whakamahara i to hoa aroha. Ko etahi o nga whiringa whakamaumahara tahu tahu tahu ko:<\/p>\n<ul>\n<li>Te whakatakoto i nga pungarehu ki roto i te whakamaumaharatanga ki te urupa o te rohe<\/li>\n<li>Te whakamarara i nga pungarehu ki tetahi waahi motuhake<\/li>\n<li>Te kohi pungarehu<\/li>\n<\/ul>\n<p>Ki te rapu korero mo te whakamaharatanga, toro\u00a0<a href=\"http:\/\/headstonesandmonuments.co.nz\/\" target=\"_blank\" rel=\"noopener\">headstonesandmonuments.co.nz<\/a>. Ka taea hoki e koe te korero atu ki to roopu Whakatupato Uara mo etahi atu aratohu.<\/p>\n<h2>\n\t\t\tHe aha i haere tahi ai tatou?\t<\/h2>\n\t<h4>Utu pai<\/h4>\n<p>Kotahi te utu putea whakauru katoa. Kaore he utu huna.<\/p>\n\t<h4>Te pono<\/h4>\n<p>Ka taea e koe te whakawhirinaki ki o maatau kaimahi mohio ki te awhina i a koe i nga huarahi katoa.<\/p>\n\t<h4>He ngawari ki te whakarite<\/h4>\n<p>Ko te mate o te hoa aroha ehara i te mea ngawari, engari ehara i te mea uaua. Waiho nga korero ki a matou.<\/p>\n<figure itemscope itemtype=\"https:\/\/schema.org\/ImageObject\">\n\t\t\t\t<img decoding=\"async\" src=\"https:\/\/valuecremations.co.nz\/wp-content\/uploads\/2022\/09\/b5434534.png\" alt=\"B5434534\" height=\"683\" width=\"1200\" title=\"B5434534\" onerror=\"this.style.display='none'\" loading=\"lazy\" \/>\n\t<\/figure>\n<figure itemscope itemtype=\"https:\/\/schema.org\/ImageObject\">\n\t\t\t\t<a href=\"https:\/\/funeraldirectors.co.nz\/\"  target=\"_blank\" rel=\"noopener\"  itemprop=\"url\">\n\t\t\t\t<img decoding=\"async\" src=\"https:\/\/valuecremations.co.nz\/wp-content\/uploads\/2022\/09\/FDANZ-Member-Logo-with-tagline.png\" alt=\"Moko Mema a Fdanz Me te Tohutohu\" height=\"819\" width=\"1800\" title=\"Moko Mema a Fdanz Me te Tohutohu\" onerror=\"this.style.display='none'\" loading=\"lazy\" \/>\n\t\t\t\t<\/a>\n\t<\/figure>\n\t<h3>He waahanga o te whatunga whakawhirinaki<\/h3>\n<p>He mema whakah\u012bh\u012b o te R\u014dp\u016b Kaiwhakahaere Tangata o Aotearoa.<\/p>\n<figure itemscope itemtype=\"https:\/\/schema.org\/ImageObject\">\n\t\t\t\t<img decoding=\"async\" src=\"https:\/\/valuecremations.co.nz\/wp-content\/uploads\/2022\/09\/Icon-Quote.svg\" alt=\"Tohu Tohu\" title=\"Tohu Tohu\" onerror=\"this.style.display='none'\" loading=\"lazy\" \/>\n\t<\/figure>\n\t<h3>I tino pai koe ki a matou, a kua ngawari ake te wa whakamataku i roto i o maatau oranga. Nga mihi nui ki a koutou katoa mo to huarahi manaaki i nga wa uaua. Mai i te waea tuatahi i tino ngawari te mahi.<\/h3>\n\t<p>\u2013 L.Penrose<\/p>\n    <a href=\"tel:0800825832\">\n        0800 825 832\n    <\/a>\n    <a href=\"\/mi\/whakapa-matou\/\">Tonoa he waea mai<\/a>\n<figure itemscope itemtype=\"https:\/\/schema.org\/ImageObject\">\n\t\t\t\t<img decoding=\"async\" src=\"https:\/\/valuecremations.co.nz\/wp-content\/uploads\/2022\/09\/54654.png\" alt=\"54654\" height=\"513\" width=\"1800\" title=\"54654\" onerror=\"this.style.display='none'\" loading=\"lazy\" \/>\n\t<\/figure>","protected":false},"excerpt":{"rendered":"<p>Never liked a fuss. If you or your loved one never cared for formalities or fuss, Value Cremations offers a pragmatic alternative to the traditional funeral. This is a straightforward send-off undertaken with the reliability and respect that has made us New Zealand&#8217;s leading provider of cremations. We&#8217;ll take care of the details, allowing you [&hellip;]<\/p>\n","protected":false},"author":1,"featured_media":0,"parent":0,"menu_order":0,"comment_status":"closed","ping_status":"closed","template":"","meta":{"_acf_changed":false,"_seopress_robots_primary_cat":"","_seopress_titles_title":"About Us  |  Value Cremations New Zealand","_seopress_titles_desc":"At Value Cremations we offer a value for money cremation service in New Zealand. We are here to provide a dignified and quality service at a low cost.","_seopress_robots_index":"","footnotes":""},"class_list":{"0":"post-4659","1":"page","2":"type-page","3":"status-publish","5":"wpbf-post"},"acf":[],"_links":{"self":[{"href":"https:\/\/valuecremations.co.nz\/mi\/wp-json\/wp\/v2\/pages\/4659","targetHints":{"allow":["GET"]}}],"collection":[{"href":"https:\/\/valuecremations.co.nz\/mi\/wp-json\/wp\/v2\/pages"}],"about":[{"href":"https:\/\/valuecremations.co.nz\/mi\/wp-json\/wp\/v2\/types\/page"}],"author":[{"embeddable":true,"href":"https:\/\/valuecremations.co.nz\/mi\/wp-json\/wp\/v2\/users\/1"}],"replies":[{"embeddable":true,"href":"https:\/\/valuecremations.co.nz\/mi\/wp-json\/wp\/v2\/comments?post=4659"}],"version-history":[{"count":7,"href":"https:\/\/valuecremations.co.nz\/mi\/wp-json\/wp\/v2\/pages\/4659\/revisions"}],"predecessor-version":[{"id":72647,"href":"https:\/\/valuecremations.co.nz\/mi\/wp-json\/wp\/v2\/pages\/4659\/revisions\/72647"}],"wp:attachment":[{"href":"https:\/\/valuecremations.co.nz\/mi\/wp-json\/wp\/v2\/media?parent=4659"}],"curies":[{"name":"wp","href":"https:\/\/api.w.org\/{rel}","templated":true}]}}